{"id":19,"date":"2016-06-02T21:40:58","date_gmt":"2016-06-02T20:40:58","guid":{"rendered":"http:\/\/1516-project.com\/kennzahlen\/?page_id=19&#038;lang=de"},"modified":"2020-09-24T08:52:17","modified_gmt":"2020-09-24T07:52:17","slug":"willkommen","status":"publish","type":"page","link":"https:\/\/boersen.club\/kbv-original\/","title":{"rendered":"Willkommen"},"content":{"rendered":"<div id='layer_slider_1'  class='avia-layerslider main_color avia-shadow  avia-builder-el-0  el_before_av_one_full  avia-builder-el-first  container_wrap sidebar_right'  style='height: 301px; max-width: 1500px; margin: 0 auto;'  ><\/div><div id='after_layer_slider_1'  class='main_color av_default_container_wrap container_wrap sidebar_right'  ><div class='container av-section-cont-open' ><div class='template-page content  av-content-small alpha units'><div class='post-entry post-entry-type-page post-entry-19'><div class='entry-content-wrapper clearfix'>\n\n<style type=\"text\/css\" data-created_by=\"avia_inline_auto\" id=\"style-css-av-3r2wf-56a2a1215fa415ffef3fd52257fd3863\">\n.flex_column.av-3r2wf-56a2a1215fa415ffef3fd52257fd3863{\nborder-radius:0px 0px 0px 0px;\npadding:0px 0px 0px 0px;\n}\n<\/style>\n<div  class='flex_column av-3r2wf-56a2a1215fa415ffef3fd52257fd3863 av_one_full  avia-builder-el-1  el_after_av_layerslider  avia-builder-el-no-sibling  first flex_column_div av-zero-column-padding  '     ><p>\n<style type=\"text\/css\" data-created_by=\"avia_inline_auto\" id=\"style-css-av-xmcr-507ea031c05ad08e37e9304538148a9e\">\n#top .av-special-heading.av-xmcr-507ea031c05ad08e37e9304538148a9e{\npadding-bottom:10px;\n}\nbody .av-special-heading.av-xmcr-507ea031c05ad08e37e9304538148a9e .av-special-heading-tag .heading-char{\nfont-size:25px;\n}\n.av-special-heading.av-xmcr-507ea031c05ad08e37e9304538148a9e .av-subheading{\nfont-size:15px;\n}\n<\/style>\n<div  class='av-special-heading av-xmcr-507ea031c05ad08e37e9304538148a9e av-special-heading-h3  avia-builder-el-2  el_before_av_textblock  avia-builder-el-first '><h3 class='av-special-heading-tag '  itemprop=\"headline\"  >Aktien <span class='special_amp'>&amp;<\/span> B\u00f6rse sind keine Hexerei.<\/h3><div class=\"special-heading-border\"><div class=\"special-heading-inner-border\"><\/div><\/div><\/div><br \/>\n<section  class='av_textblock_section av-2ombz-28706f34cf399a9e4def37844cd86782 '   itemscope=\"itemscope\" itemtype=\"https:\/\/schema.org\/CreativeWork\" ><div class='avia_textblock'  itemprop=\"text\" ><h3>Der KBV f\u00fchrt Sie durch den B\u00f6rsendschungel.<\/h3>\n<p>Der K\u00f6lner B\u00f6rsenverein e.V. (KBV) wurde 1994 als eingetragener Verein von engagierten Studenten der K\u00f6lner Hochschulen gegr\u00fcndet. Er ist als gemeinn\u00fctzig anerkannt und hat das Ziel, \u00fcber das Wertpapier- und B\u00f6rsengeschehen zu informieren um die Aktienkultur zu f\u00f6rdern. Der KBV ist mit Abstand der gr\u00f6\u00dfte und aktivste B\u00f6rsenverein in NRW.<\/p>\n<p>Nutzen Sie das vielf\u00e4ltige Angebot des K\u00f6lner B\u00f6rsenvereins:<\/p>\n<ul>\n<li>Besuchen Sie unsere regelm\u00e4ssigen Aktienworkshops und Referentenvortr\u00e4ge<\/li>\n<\/ul>\n<ul>\n<li>Tauschen Sie sich mit anderen Aktion\u00e4ren aus \u2013 Erweitern Sie Ihr B\u00f6rsenwissen<\/li>\n<\/ul>\n<ul>\n<li>Engagieren Sie sich ehrenamtlich in einem motivierten Team im aktiennahen B\u00f6rsenumfeld<\/li>\n<\/ul>\n<p>Unser Anspruch: Wir zeigen Ihnen die faszinierenden Seiten der B\u00f6rsenwelt.<\/p>\n<\/div><\/section><br \/>\n<section  class='av_textblock_section av-1zi0f-a9c79b31b1c2f4b844e030bc8c69a67c '   itemscope=\"itemscope\" itemtype=\"https:\/\/schema.org\/CreativeWork\" ><div class='avia_textblock'  itemprop=\"text\" ><p>Vorstand K\u00f6lner B\u00f6rsenverein e.V. (KBV)<\/p>\n<p><strong>Dirk Arning (Vorsitz), Rami Altonji (Stv. Vorsitz), Klaus Juergen Ueker, Annette Friedrichsmeier, Timo Nothhelfer, Nuray Mamas, <\/strong><strong>Dirk Vincenz, Georgios Passameras, Elias Hoffmann, Lukas Brang, Marvin Buslei\u00a0<\/strong><\/p>\n<p>Vorstand Hochschulgruppe K\u00f6lner B\u00f6rsenverein e.V. (KBV)<\/p>\n<p><strong>Annelies Vaessen (Vorsitz), Rami Altonji, Jerome Kruse, Marc M\u00fcller, Maximilian R\u00f6sgen, Giuseppina Soldati<\/strong><\/p>\n<\/div><\/section><br \/>\n<div  class='hr av-1lfu7-cd0b47ed16bcd51c9a48e93796864967 hr-default  avia-builder-el-5  el_after_av_textblock  avia-builder-el-last '><span class='hr-inner '><span class=\"hr-inner-style\"><\/span><\/span><\/div><\/p><\/div>\n","protected":false},"excerpt":{"rendered":"","protected":false},"author":3,"featured_media":0,"parent":0,"menu_order":10,"comment_status":"closed","ping_status":"closed","template":"","meta":{"_mo_disable_npp":"","footnotes":""},"class_list":["post-19","page","type-page","status-publish","hentry"],"yoast_head":"<!-- This site is optimized with the Yoast SEO plugin v27.1.1 - https:\/\/yoast.com\/product\/yoast-seo-wordpress\/ -->\n<title>Willkommen - KBV.org - Original<\/title>\n<meta name=\"robots\" content=\"index, follow, max-snippet:-1, max-image-preview:large, max-video-preview:-1\" \/>\n<link rel=\"canonical\" href=\"https:\/\/boersen.club\/kbv-original\/\" \/>\n<meta property=\"og:locale\" content=\"de_DE\" \/>\n<meta property=\"og:type\" content=\"article\" \/>\n<meta property=\"og:title\" content=\"Willkommen - KBV.org - Original\" \/>\n<meta property=\"og:url\" content=\"https:\/\/boersen.club\/kbv-original\/\" \/>\n<meta property=\"og:site_name\" content=\"KBV.org - Original\" \/>\n<meta property=\"article:modified_time\" content=\"2020-09-24T07:52:17+00:00\" \/>\n<meta name=\"twitter:card\" content=\"summary_large_image\" \/>\n<meta name=\"twitter:label1\" content=\"Gesch\u00e4tzte Lesezeit\" \/>\n\t<meta name=\"twitter:data1\" content=\"2 Minuten\" \/>\n<script type=\"application\/ld+json\" class=\"yoast-schema-graph\">{\"@context\":\"https:\/\/schema.org\",\"@graph\":[{\"@type\":\"WebPage\",\"@id\":\"https:\/\/boersen.club\/kbv-original\/\",\"url\":\"https:\/\/boersen.club\/kbv-original\/\",\"name\":\"Willkommen - KBV.org - Original\",\"isPartOf\":{\"@id\":\"https:\/\/boersen.club\/kbv-original\/#website\"},\"datePublished\":\"2016-06-02T20:40:58+00:00\",\"dateModified\":\"2020-09-24T07:52:17+00:00\",\"breadcrumb\":{\"@id\":\"https:\/\/boersen.club\/kbv-original\/#breadcrumb\"},\"inLanguage\":\"de-DE\",\"potentialAction\":[{\"@type\":\"ReadAction\",\"target\":[\"https:\/\/boersen.club\/kbv-original\/\"]}]},{\"@type\":\"BreadcrumbList\",\"@id\":\"https:\/\/boersen.club\/kbv-original\/#breadcrumb\",\"itemListElement\":[{\"@type\":\"ListItem\",\"position\":1,\"name\":\"Home\",\"item\":\"https:\/\/boersen.club\/kbv-original\/\"},{\"@type\":\"ListItem\",\"position\":2,\"name\":\"Willkommen\"}]},{\"@type\":\"WebSite\",\"@id\":\"https:\/\/boersen.club\/kbv-original\/#website\",\"url\":\"https:\/\/boersen.club\/kbv-original\/\",\"name\":\"KBV.org - Original\",\"description\":\"K\u00f6lner B\u00f6rsenverein e.V.\",\"potentialAction\":[{\"@type\":\"SearchAction\",\"target\":{\"@type\":\"EntryPoint\",\"urlTemplate\":\"https:\/\/boersen.club\/kbv-original\/?s={search_term_string}\"},\"query-input\":{\"@type\":\"PropertyValueSpecification\",\"valueRequired\":true,\"valueName\":\"search_term_string\"}}],\"inLanguage\":\"de-DE\"}]}<\/script>\n<!-- \/ Yoast SEO plugin. -->","yoast_head_json":{"title":"Willkommen - KBV.org - Original","robots":{"index":"index","follow":"follow","max-snippet":"max-snippet:-1","max-image-preview":"max-image-preview:large","max-video-preview":"max-video-preview:-1"},"canonical":"https:\/\/boersen.club\/kbv-original\/","og_locale":"de_DE","og_type":"article","og_title":"Willkommen - KBV.org - Original","og_url":"https:\/\/boersen.club\/kbv-original\/","og_site_name":"KBV.org - Original","article_modified_time":"2020-09-24T07:52:17+00:00","twitter_card":"summary_large_image","twitter_misc":{"Gesch\u00e4tzte Lesezeit":"2 Minuten"},"schema":{"@context":"https:\/\/schema.org","@graph":[{"@type":"WebPage","@id":"https:\/\/boersen.club\/kbv-original\/","url":"https:\/\/boersen.club\/kbv-original\/","name":"Willkommen - KBV.org - Original","isPartOf":{"@id":"https:\/\/boersen.club\/kbv-original\/#website"},"datePublished":"2016-06-02T20:40:58+00:00","dateModified":"2020-09-24T07:52:17+00:00","breadcrumb":{"@id":"https:\/\/boersen.club\/kbv-original\/#breadcrumb"},"inLanguage":"de-DE","potentialAction":[{"@type":"ReadAction","target":["https:\/\/boersen.club\/kbv-original\/"]}]},{"@type":"BreadcrumbList","@id":"https:\/\/boersen.club\/kbv-original\/#breadcrumb","itemListElement":[{"@type":"ListItem","position":1,"name":"Home","item":"https:\/\/boersen.club\/kbv-original\/"},{"@type":"ListItem","position":2,"name":"Willkommen"}]},{"@type":"WebSite","@id":"https:\/\/boersen.club\/kbv-original\/#website","url":"https:\/\/boersen.club\/kbv-original\/","name":"KBV.org - Original","description":"K\u00f6lner B\u00f6rsenverein e.V.","potentialAction":[{"@type":"SearchAction","target":{"@type":"EntryPoint","urlTemplate":"https:\/\/boersen.club\/kbv-original\/?s={search_term_string}"},"query-input":{"@type":"PropertyValueSpecification","valueRequired":true,"valueName":"search_term_string"}}],"inLanguage":"de-DE"}]}},"_links":{"self":[{"href":"https:\/\/boersen.club\/kbv-original\/wp-json\/wp\/v2\/pages\/19","targetHints":{"allow":["GET"]}}],"collection":[{"href":"https:\/\/boersen.club\/kbv-original\/wp-json\/wp\/v2\/pages"}],"about":[{"href":"https:\/\/boersen.club\/kbv-original\/wp-json\/wp\/v2\/types\/page"}],"author":[{"embeddable":true,"href":"https:\/\/boersen.club\/kbv-original\/wp-json\/wp\/v2\/users\/3"}],"replies":[{"embeddable":true,"href":"https:\/\/boersen.club\/kbv-original\/wp-json\/wp\/v2\/comments?post=19"}],"version-history":[{"count":51,"href":"https:\/\/boersen.club\/kbv-original\/wp-json\/wp\/v2\/pages\/19\/revisions"}],"predecessor-version":[{"id":5313,"href":"https:\/\/boersen.club\/kbv-original\/wp-json\/wp\/v2\/pages\/19\/revisions\/5313"}],"wp:attachment":[{"href":"https:\/\/boersen.club\/kbv-original\/wp-json\/wp\/v2\/media?parent=19"}],"curies":[{"name":"wp","href":"https:\/\/api.w.org\/{rel}","templated":true}]}}