{"id":4828,"date":"2019-02-11T21:34:41","date_gmt":"2019-02-11T20:34:41","guid":{"rendered":"https:\/\/kbv.org\/hochschulgruppe-2\/"},"modified":"2020-10-01T07:21:24","modified_gmt":"2020-10-01T06:21:24","slug":"boersenfuehrerschein-in-koeln","status":"publish","type":"page","link":"https:\/\/boersen.club\/kbv-original\/boersenfuehrerschein-in-koeln\/","title":{"rendered":"B\u00f6rsenf\u00fchrerschein"},"content":{"rendered":"<div id='layer_slider_1'  class='avia-layerslider main_color avia-shadow  avia-builder-el-0  el_before_av_one_full  avia-builder-el-first  container_wrap sidebar_right'  style='height: 301px; max-width: 1500px; margin: 0 auto;'  ><\/div><div id='after_layer_slider_1'  class='main_color av_default_container_wrap container_wrap sidebar_right'  ><div class='container av-section-cont-open' ><div class='template-page content  av-content-small alpha units'><div class='post-entry post-entry-type-page post-entry-4828'><div class='entry-content-wrapper clearfix'>\n\n<style type=\"text\/css\" data-created_by=\"avia_inline_auto\" id=\"style-css-av-71nluf-d78bd442d5170b21f5679804dd042c94\">\n.flex_column.av-71nluf-d78bd442d5170b21f5679804dd042c94{\nborder-radius:0px 0px 0px 0px;\npadding:0px 0px 0px 0px;\n}\n<\/style>\n<div  class='flex_column av-71nluf-d78bd442d5170b21f5679804dd042c94 av_one_full  avia-builder-el-1  el_after_av_layerslider  avia-builder-el-no-sibling  first flex_column_div av-zero-column-padding  '     ><p>\n<style type=\"text\/css\" data-created_by=\"avia_inline_auto\" id=\"style-css-av-kfqfhyy1-c06ce8d59214a2c4172d5c1a55075c08\">\n#top .av-special-heading.av-kfqfhyy1-c06ce8d59214a2c4172d5c1a55075c08{\npadding-bottom:10px;\n}\nbody .av-special-heading.av-kfqfhyy1-c06ce8d59214a2c4172d5c1a55075c08 .av-special-heading-tag .heading-char{\nfont-size:25px;\n}\n.av-special-heading.av-kfqfhyy1-c06ce8d59214a2c4172d5c1a55075c08 .av-subheading{\nfont-size:15px;\n}\n<\/style>\n<div  class='av-special-heading av-kfqfhyy1-c06ce8d59214a2c4172d5c1a55075c08 av-special-heading-h3  avia-builder-el-2  el_before_av_textblock  avia-builder-el-first  av-linked-heading'><h3 class='av-special-heading-tag '  itemprop=\"headline\"  >B\u00f6rsenf\u00fchrerschein 2020<\/h3><div class=\"special-heading-border\"><div class=\"special-heading-inner-border\"><\/div><\/div><\/div><br \/>\n<section  class='av_textblock_section av-3vct4n-f06cbb534a35e288daa4b332e4b1b637 '   itemscope=\"itemscope\" itemtype=\"https:\/\/schema.org\/CreativeWork\" ><div class='avia_textblock'  itemprop=\"text\" ><h3><span style=\"color: #000000; font-size: 12pt;\">Hier kannst Du Dich bereits jetzt f\u00fcr den B\u00f6rsenf\u00fchrerschein 2020 in K\u00f6ln anmelden.<\/span><\/h3>\n<p>Der B\u00f6rsenf\u00fchrerschein ist mehr als eine Einf\u00fchrung in die Themenwelt der B\u00f6rse: F\u00fcr m\u00f6glichst alle Absolventen soll er den Grundstein f\u00fcr ein tieferes Verst\u00e4ndnis der ebenso interessanten wie komplexen Materie Kapitalmarkt legen.<\/p>\n<p>Hier kannst Du Dich kostenlos (aber verbindlich) anmelden!<\/p>\n<style id='mailster-form-default' type='text\/css'>.mailster-embeded-form body{background:0;padding:0;margin:0}.mailster-embeded-form .mailster-form-body{padding:5px !important;margin:auto !important}.mailster-form-wrap{max-width:100%;max-height:95%;min-width:100px;-webkit-overflow-scrolling:touch}.mailster-form{margin-bottom:20px;position:relative}.mailster-form:before{content:'';position:absolute;display:block;height:100%;width:100%;z-index:1;background-repeat:no-repeat;background-position:center center;background-size:20px 20px;background-image:url('https:\/\/boersen.club\/kbv-original\/wp-content\/plugins\/mailster\/assets\/css\/..\/img\/loading.gif');visibility:hidden;opacity:0;transition:opacity .15s ease-in-out}.mailster-form.loading:before{opacity:1;visibility:visible}@media only screen and (-webkit-min-device-pixel-ratio:2),only screen and (min-resolution:192dpi){.mailster-form:before{background-image:url('https:\/\/boersen.club\/kbv-original\/wp-content\/plugins\/mailster\/assets\/css\/..\/img\/loading_2x.gif')}}.mailster-form:after,.mailster-form-fields:after{content:'.';visibility:hidden;display:block;height:0;clear:both}.mailster-form .mailster-form-fields{transition:all .15s ease-in-out}.mailster-form.completed .mailster-form-fields{height:0;min-height:0;opacity:0;overflow:hidden}.mailster-form,.mailster-form .input,.mailster-form .mailster-form-info{width:100%;box-sizing:border-box}.mailster-embeded-form .mailster-form{margin-bottom:3px}.mailster-form .mailster-wrapper{position:relative;margin-bottom:2px;transition:opacity .15s ease-in-out}.mailster-form.loading .mailster-wrapper{opacity:.2}.mailster-form textarea.input{resize:vertical;height:150px}.mailster-form li{list-style:none !important;margin-left:0;padding-left:0}span.mailster-required{font-size:120%;font-weight:700;color:#bf4d4d}.mailster-lists-wrapper ul{list-style:none;margin-left:0;padding-left:0}.mailster-lists-wrapper ul li{margin-left:0}.mailster-list-description{color:inherit;display:block;margin-left:25px;font-size:.8em}.mailster-form-info{height:0;border-radius:2px;padding:5px;margin-bottom:4px;color:#fff;padding:9px 16px;transition:all .2s;-webkit-transform:scale(0);-moz-transform:scale(0);-ms-transform:scale(0);transform:scale(0)}.mailster-form.loading .mailster-form-info{opacity:0}.mailster-form-info a{color:#fff}.mailster-form-info.success,.mailster-form-info.error{display:block;height:100%;-webkit-transform:scale(1);-moz-transform:scale(1);-ms-transform:scale(1);transform:scale(1)}.mailster-form .error input,.mailster-form .error select,.mailster-form .error textarea{outline:2px solid #bf4d4d;outline-offset:0}.mailster-form-info.error{background:#bf4d4d}.mailster-form-info.success{background-color:#6fbf4d;text-align:center}.mailster-form-info ul,.mailster-form .mailster-form-info p{margin:0;padding:0;max-width:initial}.mailster-form-info ul li{color:inherit;margin-left:0}.mailster-submit-wrapper{margin-top:6px}.mailster-form .submit-button{cursor:pointer}.mailster-form .submit-button:focus{outline:0}<\/style><form action=\"https:\/\/boersen.club\/kbv-original\/mailster\/subscribe\" method=\"post\" class=\"mailster-form mailster-form-submit mailster-ajax-form mailster-form-2\" novalidate><input name=\"_action\" type=\"hidden\" value=\"subscribe\">\n<input name=\"_timestamp\" type=\"hidden\" value=\"1776793631\">\n<input name=\"_referer\" type=\"hidden\" value=\"https:\/\/boersen.club\/kbv-original\/kbv-original\/wp-json\/wp\/v2\/pages\/4828\">\n<input name=\"_nonce\" type=\"hidden\" value=\"fa5513b285\">\n<input name=\"formid\" type=\"hidden\" value=\"2\">\n<div class=\"mailster-form-fields\">\n<div class=\"mailster-wrapper mailster-firstname-wrapper\"><label for=\"mailster-firstname-2\">Vorname <span class=\"mailster-required\">*<\/span><\/label><input id=\"mailster-firstname-2\" name=\"firstname\" type=\"text\" value=\"\" class=\"input mailster-firstname mailster-required\" aria-required=\"true\" aria-label=\"Vorname\"><\/div>\n<div class=\"mailster-wrapper mailster-lastname-wrapper\"><label for=\"mailster-lastname-2\">Nachname <span class=\"mailster-required\">*<\/span><\/label><input id=\"mailster-lastname-2\" name=\"lastname\" type=\"text\" value=\"\" class=\"input mailster-lastname mailster-required\" aria-required=\"true\" aria-label=\"Nachname\"><\/div>\n<div class=\"mailster-wrapper mailster-email-wrapper\"><label for=\"mailster-email-2\">Email <span class=\"mailster-required\">*<\/span><\/label><input id=\"mailster-email-2\" name=\"email\" type=\"email\" value=\"\" class=\"input mailster-email mailster-required\" aria-required=\"true\" aria-label=\"Email\" spellcheck=\"false\"><\/div>\n<div class=\"mailster-wrapper mailster-_gdpr-wrapper\"><label for=\"mailster-_gdpr-2\"><input type=\"hidden\" name=\"_gdpr\" value=\"0\"><input id=\"mailster-_gdpr-2\" name=\"_gdpr\" type=\"checkbox\" value=\"1\" class=\"mailster-_gdpr mailster-required\" aria-required=\"true\" aria-label=\"Ich stimme den &lt;a href=&quot;https:\/\/kbv.org\/datenschutz\/&quot; target=&quot;_blank&quot; rel=&quot;noopener&quot;&gt;Datenschutzbestimmungen&lt;\/a&gt; zu.\"> Ich stimme den <a href=\"https:\/\/kbv.org\/datenschutz\/\" target=\"_blank\" rel=\"noopener\">Datenschutzbestimmungen<\/a> zu.<\/label><\/div>\n<div class=\"mailster-wrapper mailster-submit-wrapper form-submit\"><input name=\"submit\" type=\"submit\" value=\"kostenlos anmelden\" class=\"submit-button button\" aria-label=\"kostenlos anmelden\"><\/div>\n<\/div>\n<\/form>\n\n<\/div><\/section><br \/>\n<section  class='av_textblock_section av-3vct4n-f06cbb534a35e288daa4b332e4b1b637 '   itemscope=\"itemscope\" itemtype=\"https:\/\/schema.org\/CreativeWork\" ><div class='avia_textblock'  itemprop=\"text\" ><h3><span style=\"color: #000000; font-size: 12pt;\">Weitere Infos zum B\u00f6rsenf\u00fchrerschein 2020<\/span><\/h3>\n<p>In vier Veranstaltungen bringen wir euch die Grundlagen zum Thema B\u00f6rse n\u00e4her und ihr erhaltet so einen umfassenden Einblick in die Welt der Kapitalm\u00e4rkte!<\/p>\n<p>Alle Teilnehmer bekommen nach erfolgreichem Bestehen eines Multiple Choice Tests das bundesweit einheitliche Zertifikat \u201eB\u00f6rsenf\u00fchrerschein des BVH\u201c ausgeh\u00e4ndigt, auf dem sowohl Schirmherr Markus Koch (n-tv B\u00f6rsenmoderator), als auch der Vorstand des Bundesverbandes der B\u00f6rsenvereine an deutschen Hochschulen (BVH) unterschrieben haben.<\/p>\n<p>Die Teilnahme an den Veranstaltungen ist kostenlos \u2013 und man muss kein Student sein! Keinerlei Vorkenntnisse sind notwendig. Eure permanente Anwesenheit ist Voraussetzung, um am Multiple Choice Test teilnehmen zu k\u00f6nnen.<\/p>\n<p>Wir freuen uns auf euch!<br \/>Fragen gerne vorab \u00fcber Facebook oder an <a href=\"mailto:hsg@kbv.org\">hsg@kbv.org<\/a><\/p>\n<p>Eure Hochschulgruppe des K\u00f6lner B\u00f6rsenvereins e.V.<\/p>\n<p>Teil 1: B\u00f6rse, Kapitalm\u00e4rkte und Handel; Donnerstag, 15.10.2020, 17:30-19:00<\/p>\n<p>Teil 2: Aktien, Renten und Fonds; Donnerstag, 22.10.2020, 17:30-19:00<\/p>\n<p>Teil 3: Optionen und Zertifikate; Donnerstag, 29.10.2020, 17:30-19:00<\/p>\n<p>Teil 4: Anlagephilosophien und B\u00f6rsenpsychologie; Donnerstag, 05.11.2020, 17:30-19:00<\/p>\n<p>Einwahldaten<\/p>\n<p>Meeting-ID: 949 4482 9127<\/p>\n<p>Passwort: 000501<\/p>\n<p>&#8212;&#8212;&#8212;&#8212;&#8212;&#8212;&#8212;&#8212;&#8212;&#8212;&#8212;&#8212;&#8212;&#8212;&#8212;&#8212;<\/p>\n<\/div><\/section><br \/>\n\n<style type=\"text\/css\" data-created_by=\"avia_inline_auto\" id=\"style-css-av-20draf-ba639881ea3557af10f1a1428575f1c1\">\n#top .hr.hr-invisible.av-20draf-ba639881ea3557af10f1a1428575f1c1{\nheight:100px;\n}\n<\/style>\n<div  class='hr av-20draf-ba639881ea3557af10f1a1428575f1c1 hr-invisible  avia-builder-el-5  el_after_av_textblock  avia-builder-el-last '><span class='hr-inner '><span class=\"hr-inner-style\"><\/span><\/span><\/div><\/p><\/div>\n","protected":false},"excerpt":{"rendered":"","protected":false},"author":1,"featured_media":0,"parent":0,"menu_order":20,"comment_status":"closed","ping_status":"closed","template":"","meta":{"_mo_disable_npp":"","footnotes":""},"class_list":["post-4828","page","type-page","status-publish","hentry"],"yoast_head":"<!-- This site is optimized with the Yoast SEO plugin v27.1.1 - https:\/\/yoast.com\/product\/yoast-seo-wordpress\/ -->\n<title>B\u00f6rsenf\u00fchrerschein - KBV.org - Original<\/title>\n<meta name=\"robots\" content=\"index, follow, max-snippet:-1, max-image-preview:large, max-video-preview:-1\" \/>\n<link rel=\"canonical\" href=\"https:\/\/boersen.club\/kbv-original\/boersenfuehrerschein-in-koeln\/\" \/>\n<meta property=\"og:locale\" content=\"de_DE\" \/>\n<meta property=\"og:type\" content=\"article\" \/>\n<meta property=\"og:title\" content=\"B\u00f6rsenf\u00fchrerschein - KBV.org - Original\" \/>\n<meta property=\"og:url\" content=\"https:\/\/boersen.club\/kbv-original\/boersenfuehrerschein-in-koeln\/\" \/>\n<meta property=\"og:site_name\" content=\"KBV.org - Original\" \/>\n<meta property=\"article:modified_time\" content=\"2020-10-01T06:21:24+00:00\" \/>\n<meta name=\"twitter:card\" content=\"summary_large_image\" \/>\n<meta name=\"twitter:label1\" content=\"Gesch\u00e4tzte Lesezeit\" \/>\n\t<meta name=\"twitter:data1\" content=\"2 Minuten\" \/>\n<script type=\"application\/ld+json\" class=\"yoast-schema-graph\">{\"@context\":\"https:\/\/schema.org\",\"@graph\":[{\"@type\":\"WebPage\",\"@id\":\"https:\/\/boersen.club\/kbv-original\/boersenfuehrerschein-in-koeln\/\",\"url\":\"https:\/\/boersen.club\/kbv-original\/boersenfuehrerschein-in-koeln\/\",\"name\":\"B\u00f6rsenf\u00fchrerschein - KBV.org - Original\",\"isPartOf\":{\"@id\":\"https:\/\/boersen.club\/kbv-original\/#website\"},\"datePublished\":\"2019-02-11T20:34:41+00:00\",\"dateModified\":\"2020-10-01T06:21:24+00:00\",\"breadcrumb\":{\"@id\":\"https:\/\/boersen.club\/kbv-original\/boersenfuehrerschein-in-koeln\/#breadcrumb\"},\"inLanguage\":\"de-DE\",\"potentialAction\":[{\"@type\":\"ReadAction\",\"target\":[\"https:\/\/boersen.club\/kbv-original\/boersenfuehrerschein-in-koeln\/\"]}]},{\"@type\":\"BreadcrumbList\",\"@id\":\"https:\/\/boersen.club\/kbv-original\/boersenfuehrerschein-in-koeln\/#breadcrumb\",\"itemListElement\":[{\"@type\":\"ListItem\",\"position\":1,\"name\":\"Home\",\"item\":\"https:\/\/boersen.club\/kbv-original\/\"},{\"@type\":\"ListItem\",\"position\":2,\"name\":\"B\u00f6rsenf\u00fchrerschein\"}]},{\"@type\":\"WebSite\",\"@id\":\"https:\/\/boersen.club\/kbv-original\/#website\",\"url\":\"https:\/\/boersen.club\/kbv-original\/\",\"name\":\"KBV.org - Original\",\"description\":\"K\u00f6lner B\u00f6rsenverein e.V.\",\"potentialAction\":[{\"@type\":\"SearchAction\",\"target\":{\"@type\":\"EntryPoint\",\"urlTemplate\":\"https:\/\/boersen.club\/kbv-original\/?s={search_term_string}\"},\"query-input\":{\"@type\":\"PropertyValueSpecification\",\"valueRequired\":true,\"valueName\":\"search_term_string\"}}],\"inLanguage\":\"de-DE\"}]}<\/script>\n<!-- \/ Yoast SEO plugin. -->","yoast_head_json":{"title":"B\u00f6rsenf\u00fchrerschein - KBV.org - Original","robots":{"index":"index","follow":"follow","max-snippet":"max-snippet:-1","max-image-preview":"max-image-preview:large","max-video-preview":"max-video-preview:-1"},"canonical":"https:\/\/boersen.club\/kbv-original\/boersenfuehrerschein-in-koeln\/","og_locale":"de_DE","og_type":"article","og_title":"B\u00f6rsenf\u00fchrerschein - KBV.org - Original","og_url":"https:\/\/boersen.club\/kbv-original\/boersenfuehrerschein-in-koeln\/","og_site_name":"KBV.org - Original","article_modified_time":"2020-10-01T06:21:24+00:00","twitter_card":"summary_large_image","twitter_misc":{"Gesch\u00e4tzte Lesezeit":"2 Minuten"},"schema":{"@context":"https:\/\/schema.org","@graph":[{"@type":"WebPage","@id":"https:\/\/boersen.club\/kbv-original\/boersenfuehrerschein-in-koeln\/","url":"https:\/\/boersen.club\/kbv-original\/boersenfuehrerschein-in-koeln\/","name":"B\u00f6rsenf\u00fchrerschein - KBV.org - Original","isPartOf":{"@id":"https:\/\/boersen.club\/kbv-original\/#website"},"datePublished":"2019-02-11T20:34:41+00:00","dateModified":"2020-10-01T06:21:24+00:00","breadcrumb":{"@id":"https:\/\/boersen.club\/kbv-original\/boersenfuehrerschein-in-koeln\/#breadcrumb"},"inLanguage":"de-DE","potentialAction":[{"@type":"ReadAction","target":["https:\/\/boersen.club\/kbv-original\/boersenfuehrerschein-in-koeln\/"]}]},{"@type":"BreadcrumbList","@id":"https:\/\/boersen.club\/kbv-original\/boersenfuehrerschein-in-koeln\/#breadcrumb","itemListElement":[{"@type":"ListItem","position":1,"name":"Home","item":"https:\/\/boersen.club\/kbv-original\/"},{"@type":"ListItem","position":2,"name":"B\u00f6rsenf\u00fchrerschein"}]},{"@type":"WebSite","@id":"https:\/\/boersen.club\/kbv-original\/#website","url":"https:\/\/boersen.club\/kbv-original\/","name":"KBV.org - Original","description":"K\u00f6lner B\u00f6rsenverein e.V.","potentialAction":[{"@type":"SearchAction","target":{"@type":"EntryPoint","urlTemplate":"https:\/\/boersen.club\/kbv-original\/?s={search_term_string}"},"query-input":{"@type":"PropertyValueSpecification","valueRequired":true,"valueName":"search_term_string"}}],"inLanguage":"de-DE"}]}},"_links":{"self":[{"href":"https:\/\/boersen.club\/kbv-original\/wp-json\/wp\/v2\/pages\/4828","targetHints":{"allow":["GET"]}}],"collection":[{"href":"https:\/\/boersen.club\/kbv-original\/wp-json\/wp\/v2\/pages"}],"about":[{"href":"https:\/\/boersen.club\/kbv-original\/wp-json\/wp\/v2\/types\/page"}],"author":[{"embeddable":true,"href":"https:\/\/boersen.club\/kbv-original\/wp-json\/wp\/v2\/users\/1"}],"replies":[{"embeddable":true,"href":"https:\/\/boersen.club\/kbv-original\/wp-json\/wp\/v2\/comments?post=4828"}],"version-history":[{"count":4,"href":"https:\/\/boersen.club\/kbv-original\/wp-json\/wp\/v2\/pages\/4828\/revisions"}],"predecessor-version":[{"id":5010,"href":"https:\/\/boersen.club\/kbv-original\/wp-json\/wp\/v2\/pages\/4828\/revisions\/5010"}],"wp:attachment":[{"href":"https:\/\/boersen.club\/kbv-original\/wp-json\/wp\/v2\/media?parent=4828"}],"curies":[{"name":"wp","href":"https:\/\/api.w.org\/{rel}","templated":true}]}}